{"id":542,"date":"2025-01-16T12:54:31","date_gmt":"2025-01-16T12:54:31","guid":{"rendered":"https:\/\/www.ugsovarazdin.hr\/services\/"},"modified":"2025-10-04T13:11:14","modified_gmt":"2025-10-04T12:11:14","slug":"services","status":"publish","type":"page","link":"https:\/\/www.ugsovarazdin.hr\/en\/services\/","title":{"rendered":"Services"},"content":{"rendered":"<div data-elementor-type=\"wp-post\" data-elementor-id=\"542\" class=\"elementor elementor-542\">\n\t\t\t\t<div class=\"elementor-element elementor-element-ecdc542 e-flex e-con-boxed e-con e-parent\" data-id=\"ecdc542\" data-element_type=\"container\" data-settings=\"{&quot;background_background&quot;:&quot;classic&quot;}\">\n\t\t\t\t\t<div class=\"e-con-inner\">\n\t\t<div class=\"elementor-element elementor-element-341f31e e-con-full e-flex e-con e-child\" data-id=\"341f31e\" data-element_type=\"container\">\n\t\t\t\t<div class=\"elementor-element elementor-element-c607c23 elementor-widget elementor-widget-heading\" data-id=\"c607c23\" data-element_type=\"widget\" data-widget_type=\"heading.default\">\n\t\t\t\t<div class=\"elementor-widget-container\">\n\t\t\t\t\t<h1 class=\"elementor-heading-title elementor-size-default\">Services we provide<\/h1>\t\t\t\t<\/div>\n\t\t\t\t<\/div>\n\t\t\t\t<\/div>\n\t\t\t\t\t<\/div>\n\t\t\t\t<\/div>\n\t\t<div class=\"elementor-element elementor-element-1ea260a e-flex e-con-boxed e-con e-parent\" data-id=\"1ea260a\" data-element_type=\"container\">\n\t\t\t\t\t<div class=\"e-con-inner\">\n\t\t<div class=\"elementor-element elementor-element-53e9612 e-con-full e-flex e-con e-child\" data-id=\"53e9612\" data-element_type=\"container\">\n\t\t\t\t<div class=\"elementor-element elementor-element-7179047 elementor-widget elementor-widget-heading\" data-id=\"7179047\" data-element_type=\"widget\" data-widget_type=\"heading.default\">\n\t\t\t\t<div class=\"elementor-widget-container\">\n\t\t\t\t\t<h2 class=\"elementor-heading-title elementor-size-default\"><span style=\", sans-serif;font-size: 20.8px;font-weight: 400\">&quot;The best and most beautiful things in the world cannot be seen or touched.&quot; <\/span><br style=\", sans-serif;font-size: 20.8px;font-weight: 400\"><span style=\", sans-serif;font-size: 20.8px;font-weight: 400\">- we must feel them with our hearts.&quot;<\/span><\/h2>\t\t\t\t<\/div>\n\t\t\t\t<\/div>\n\t\t\t\t<div class=\"elementor-element elementor-element-9db05f7 elementor-widget-divider--view-line elementor-widget elementor-widget-divider\" data-id=\"9db05f7\" data-element_type=\"widget\" data-widget_type=\"divider.default\">\n\t\t\t\t<div class=\"elementor-widget-container\">\n\t\t\t\t\t\t\t<div class=\"elementor-divider\">\n\t\t\t<span class=\"elementor-divider-separator\">\n\t\t\t\t\t\t<\/span>\n\t\t<\/div>\n\t\t\t\t\t\t<\/div>\n\t\t\t\t<\/div>\n\t\t\t\t<div class=\"elementor-element elementor-element-18e4ffe elementor-widget elementor-widget-text-editor\" data-id=\"18e4ffe\" data-element_type=\"widget\" data-widget_type=\"text-editor.default\">\n\t\t\t\t<div class=\"elementor-widget-container\">\n\t\t\t\t\t\t\t\t\t<p><i>Helen Keller<\/i><\/p>\t\t\t\t\t\t\t\t<\/div>\n\t\t\t\t<\/div>\n\t\t\t\t<\/div>\n\t\t\t\t\t<\/div>\n\t\t\t\t<\/div>\n\t\t<div class=\"elementor-element elementor-element-763a77a e-flex e-con-boxed e-con e-parent\" data-id=\"763a77a\" data-element_type=\"container\">\n\t\t\t\t\t<div class=\"e-con-inner\">\n\t\t<div class=\"elementor-element elementor-element-b19ea39 e-con-full e-flex e-con e-child\" data-id=\"b19ea39\" data-element_type=\"container\">\n\t\t\t\t<div class=\"elementor-element elementor-element-f99f203 elementor-widget elementor-widget-image\" data-id=\"f99f203\" data-element_type=\"widget\" data-widget_type=\"image.default\">\n\t\t\t\t<div class=\"elementor-widget-container\">\n\t\t\t\t\t\t\t\t\t\t\t\t\t\t\t<img fetchpriority=\"high\" decoding=\"async\" width=\"768\" height=\"1024\" src=\"https:\/\/www.ugsovarazdin.hr\/wp-content\/uploads\/2025\/01\/IMG-20240602-WA0106-1-768x1024.jpg\" class=\"attachment-large size-large wp-image-1599\" alt=\"\" srcset=\"https:\/\/www.ugsovarazdin.hr\/wp-content\/uploads\/2025\/01\/IMG-20240602-WA0106-1-768x1024.jpg 768w, https:\/\/www.ugsovarazdin.hr\/wp-content\/uploads\/2025\/01\/IMG-20240602-WA0106-1-225x300.jpg 225w, https:\/\/www.ugsovarazdin.hr\/wp-content\/uploads\/2025\/01\/IMG-20240602-WA0106-1-1152x1536.jpg 1152w, https:\/\/www.ugsovarazdin.hr\/wp-content\/uploads\/2025\/01\/IMG-20240602-WA0106-1.jpg 1200w\" sizes=\"(max-width: 768px) 100vw, 768px\" \/>\t\t\t\t\t\t\t\t\t\t\t\t\t\t\t<\/div>\n\t\t\t\t<\/div>\n\t\t\t\t<div class=\"elementor-element elementor-element-d1c18d2 elementor-widget elementor-widget-image-box\" data-id=\"d1c18d2\" data-element_type=\"widget\" data-widget_type=\"image-box.default\">\n\t\t\t\t<div class=\"elementor-widget-container\">\n\t\t\t\t\t<div class=\"elementor-image-box-wrapper\"><div class=\"elementor-image-box-content\"><h5 class=\"elementor-image-box-title\">Translation services<\/h5><p class=\"elementor-image-box-description\">Croatian Sign Language<\/p><\/div><\/div>\t\t\t\t<\/div>\n\t\t\t\t<\/div>\n\t\t\t\t<\/div>\n\t\t<div class=\"elementor-element elementor-element-ec35598 e-con-full e-flex e-con e-child\" data-id=\"ec35598\" data-element_type=\"container\">\n\t\t\t\t<div class=\"elementor-element elementor-element-2d2b862 elementor-widget elementor-widget-image\" data-id=\"2d2b862\" data-element_type=\"widget\" data-widget_type=\"image.default\">\n\t\t\t\t<div class=\"elementor-widget-container\">\n\t\t\t\t\t\t\t\t\t\t\t\t\t\t\t<img decoding=\"async\" width=\"1600\" height=\"1200\" src=\"https:\/\/www.ugsovarazdin.hr\/wp-content\/uploads\/2025\/10\/WhatsApp-Image-2025-10-04-at-13.42.58.jpeg\" class=\"attachment-full size-full wp-image-3505\" alt=\"\" srcset=\"https:\/\/www.ugsovarazdin.hr\/wp-content\/uploads\/2025\/10\/WhatsApp-Image-2025-10-04-at-13.42.58.jpeg 1600w, https:\/\/www.ugsovarazdin.hr\/wp-content\/uploads\/2025\/10\/WhatsApp-Image-2025-10-04-at-13.42.58-300x225.jpeg 300w, https:\/\/www.ugsovarazdin.hr\/wp-content\/uploads\/2025\/10\/WhatsApp-Image-2025-10-04-at-13.42.58-1024x768.jpeg 1024w, https:\/\/www.ugsovarazdin.hr\/wp-content\/uploads\/2025\/10\/WhatsApp-Image-2025-10-04-at-13.42.58-768x576.jpeg 768w, https:\/\/www.ugsovarazdin.hr\/wp-content\/uploads\/2025\/10\/WhatsApp-Image-2025-10-04-at-13.42.58-1536x1152.jpeg 1536w, https:\/\/www.ugsovarazdin.hr\/wp-content\/uploads\/2025\/10\/WhatsApp-Image-2025-10-04-at-13.42.58-16x12.jpeg 16w\" sizes=\"(max-width: 1600px) 100vw, 1600px\" \/>\t\t\t\t\t\t\t\t\t\t\t\t\t\t\t<\/div>\n\t\t\t\t<\/div>\n\t\t\t\t<div class=\"elementor-element elementor-element-fa4c287 elementor-widget elementor-widget-image-box\" data-id=\"fa4c287\" data-element_type=\"widget\" data-widget_type=\"image-box.default\">\n\t\t\t\t<div class=\"elementor-widget-container\">\n\t\t\t\t\t<div class=\"elementor-image-box-wrapper\"><div class=\"elementor-image-box-content\"><h5 class=\"elementor-image-box-title\">Education<\/h5><p class=\"elementor-image-box-description\">Cooperation with kindergartens, schools and other public institutions<\/p><\/div><\/div>\t\t\t\t<\/div>\n\t\t\t\t<\/div>\n\t\t\t\t<\/div>\n\t\t\t\t\t<\/div>\n\t\t\t\t<\/div>\n\t\t<div class=\"elementor-element elementor-element-5ce4035 e-flex e-con-boxed e-con e-parent\" data-id=\"5ce4035\" data-element_type=\"container\">\n\t\t\t\t\t<div class=\"e-con-inner\">\n\t\t<div class=\"elementor-element elementor-element-a722f70 e-con-full e-flex e-con e-child\" data-id=\"a722f70\" data-element_type=\"container\">\n\t\t\t\t<div class=\"elementor-element elementor-element-07df97f elementor-widget elementor-widget-image\" data-id=\"07df97f\" data-element_type=\"widget\" data-widget_type=\"image.default\">\n\t\t\t\t<div class=\"elementor-widget-container\">\n\t\t\t\t\t\t\t\t\t\t\t\t\t\t\t<img decoding=\"async\" width=\"1024\" height=\"683\" src=\"https:\/\/www.ugsovarazdin.hr\/wp-content\/uploads\/2025\/10\/d2_8409_optimized-1024x683.jpg\" class=\"attachment-large size-large wp-image-3509\" alt=\"\" srcset=\"https:\/\/www.ugsovarazdin.hr\/wp-content\/uploads\/2025\/10\/d2_8409_optimized-1024x683.jpg 1024w, https:\/\/www.ugsovarazdin.hr\/wp-content\/uploads\/2025\/10\/d2_8409_optimized-300x200.jpg 300w, https:\/\/www.ugsovarazdin.hr\/wp-content\/uploads\/2025\/10\/d2_8409_optimized-768x512.jpg 768w, https:\/\/www.ugsovarazdin.hr\/wp-content\/uploads\/2025\/10\/d2_8409_optimized-1536x1024.jpg 1536w, https:\/\/www.ugsovarazdin.hr\/wp-content\/uploads\/2025\/10\/d2_8409_optimized-2048x1365.jpg 2048w, https:\/\/www.ugsovarazdin.hr\/wp-content\/uploads\/2025\/10\/d2_8409_optimized-18x12.jpg 18w\" sizes=\"(max-width: 1024px) 100vw, 1024px\" \/>\t\t\t\t\t\t\t\t\t\t\t\t\t\t\t<\/div>\n\t\t\t\t<\/div>\n\t\t\t\t<div class=\"elementor-element elementor-element-da03def elementor-widget elementor-widget-image-box\" data-id=\"da03def\" data-element_type=\"widget\" data-widget_type=\"image-box.default\">\n\t\t\t\t<div class=\"elementor-widget-container\">\n\t\t\t\t\t<div class=\"elementor-image-box-wrapper\"><div class=\"elementor-image-box-content\"><h5 class=\"elementor-image-box-title\">Croatian Sign Language Course<\/h5><p class=\"elementor-image-box-description\">The course is organized by the Croatian Association of Deaf-Blind Persons Dodir<\/p><\/div><\/div>\t\t\t\t<\/div>\n\t\t\t\t<\/div>\n\t\t\t\t<\/div>\n\t\t<div class=\"elementor-element elementor-element-78f6d94 e-con-full e-flex e-con e-child\" data-id=\"78f6d94\" data-element_type=\"container\">\n\t\t\t\t<div class=\"elementor-element elementor-element-4befabd elementor-widget elementor-widget-image\" data-id=\"4befabd\" data-element_type=\"widget\" data-widget_type=\"image.default\">\n\t\t\t\t<div class=\"elementor-widget-container\">\n\t\t\t\t\t\t\t\t\t\t\t\t\t\t\t<img loading=\"lazy\" decoding=\"async\" width=\"768\" height=\"1024\" src=\"https:\/\/www.ugsovarazdin.hr\/wp-content\/uploads\/2025\/01\/WhatsApp-Slika-2023-10-08-u-12.59.28_5929b7de-768x1024.jpg\" class=\"attachment-large size-large wp-image-1957\" alt=\"\" srcset=\"https:\/\/www.ugsovarazdin.hr\/wp-content\/uploads\/2025\/01\/WhatsApp-Slika-2023-10-08-u-12.59.28_5929b7de-768x1024.jpg 768w, https:\/\/www.ugsovarazdin.hr\/wp-content\/uploads\/2025\/01\/WhatsApp-Slika-2023-10-08-u-12.59.28_5929b7de-225x300.jpg 225w, https:\/\/www.ugsovarazdin.hr\/wp-content\/uploads\/2025\/01\/WhatsApp-Slika-2023-10-08-u-12.59.28_5929b7de-1152x1536.jpg 1152w, https:\/\/www.ugsovarazdin.hr\/wp-content\/uploads\/2025\/01\/WhatsApp-Slika-2023-10-08-u-12.59.28_5929b7de.jpg 1200w\" sizes=\"(max-width: 768px) 100vw, 768px\" \/>\t\t\t\t\t\t\t\t\t\t\t\t\t\t\t<\/div>\n\t\t\t\t<\/div>\n\t\t\t\t<div class=\"elementor-element elementor-element-03e1dc6 elementor-widget elementor-widget-image-box\" data-id=\"03e1dc6\" data-element_type=\"widget\" data-widget_type=\"image-box.default\">\n\t\t\t\t<div class=\"elementor-widget-container\">\n\t\t\t\t\t<div class=\"elementor-image-box-wrapper\"><div class=\"elementor-image-box-content\"><h5 class=\"elementor-image-box-title\">Personal assistance<\/h5><p class=\"elementor-image-box-description\">Providing personal assistance services - communication mediator for deaf and deafblind people<\/p><\/div><\/div>\t\t\t\t<\/div>\n\t\t\t\t<\/div>\n\t\t\t\t<\/div>\n\t\t\t\t\t<\/div>\n\t\t\t\t<\/div>\n\t\t\t\t<\/div>","protected":false},"excerpt":{"rendered":"<p>Usluge koje pru\u017eamo &#8220;Najbolje i najljep\u0161e stvari svijeta ne mogu se vidjeti pa ni dotaknuti &#8211; moramo ih osjetiti srcem.&#8221; Helen Keller Usluge prevo\u0111enja Hrvatski znakovni jezik Edukacije Suradnja s vrti\u0107ima, \u0161kolama i drugim javnim ustanovama Te\u010daj hrvatskog znakovnog jezika Te\u010daj organizira Hrvatski savez gluhoslijepih osoba Dodir Osobna asistencija Pru\u017eanje usluge osobne asistencije &#8211; komunikacijski [&hellip;]<\/p>","protected":false},"author":1,"featured_media":0,"parent":0,"menu_order":0,"comment_status":"closed","ping_status":"closed","template":"","meta":{"site-sidebar-layout":"no-sidebar","site-content-layout":"page-builder","ast-site-content-layout":"full-width-container","site-content-style":"unboxed","site-sidebar-style":"unboxed","ast-global-header-display":"","ast-banner-title-visibility":"","ast-main-header-display":"","ast-hfb-above-header-display":"","ast-hfb-below-header-display":"","ast-hfb-mobile-header-display":"","site-post-title":"disabled","ast-breadcrumbs-content":"","ast-featured-img":"disabled","footer-sml-layout":"","theme-transparent-header-meta":"enabled","adv-header-id-meta":"","stick-header-meta":"","header-above-stick-meta":"","header-main-stick-meta":"","header-below-stick-meta":"","astra-migrate-meta-layouts":"set","ast-page-background-enabled":"default","ast-page-background-meta":{"desktop":{"background-color":"","background-image":"","background-repeat":"repeat","background-position":"center center","background-size":"auto","background-attachment":"scroll","background-type":"","background-media":"","overlay-type":"","overlay-color":"","overlay-opacity":"","overlay-gradient":""},"tablet":{"background-color":"","background-image":"","background-repeat":"repeat","background-position":"center center","background-size":"auto","background-attachment":"scroll","background-type":"","background-media":"","overlay-type":"","overlay-color":"","overlay-opacity":"","overlay-gradient":""},"mobile":{"background-color":"","background-image":"","background-repeat":"repeat","background-position":"center center","background-size":"auto","background-attachment":"scroll","background-type":"","background-media":"","overlay-type":"","overlay-color":"","overlay-opacity":"","overlay-gradient":""}},"ast-content-background-meta":{"desktop":{"background-color":"var(--ast-global-color-5)","background-image":"","background-repeat":"repeat","background-position":"center center","background-size":"auto","background-attachment":"scroll","background-type":"","background-media":"","overlay-type":"","overlay-color":"","overlay-opacity":"","overlay-gradient":""},"tablet":{"background-color":"var(--ast-global-color-5)","background-image":"","background-repeat":"repeat","background-position":"center center","background-size":"auto","background-attachment":"scroll","background-type":"","background-media":"","overlay-type":"","overlay-color":"","overlay-opacity":"","overlay-gradient":""},"mobile":{"background-color":"var(--ast-global-color-5)","background-image":"","background-repeat":"repeat","background-position":"center center","background-size":"auto","background-attachment":"scroll","background-type":"","background-media":"","overlay-type":"","overlay-color":"","overlay-opacity":"","overlay-gradient":""}},"footnotes":""},"class_list":["post-542","page","type-page","status-publish","hentry"],"_links":{"self":[{"href":"https:\/\/www.ugsovarazdin.hr\/en\/wp-json\/wp\/v2\/pages\/542","targetHints":{"allow":["GET"]}}],"collection":[{"href":"https:\/\/www.ugsovarazdin.hr\/en\/wp-json\/wp\/v2\/pages"}],"about":[{"href":"https:\/\/www.ugsovarazdin.hr\/en\/wp-json\/wp\/v2\/types\/page"}],"author":[{"embeddable":true,"href":"https:\/\/www.ugsovarazdin.hr\/en\/wp-json\/wp\/v2\/users\/1"}],"replies":[{"embeddable":true,"href":"https:\/\/www.ugsovarazdin.hr\/en\/wp-json\/wp\/v2\/comments?post=542"}],"version-history":[{"count":43,"href":"https:\/\/www.ugsovarazdin.hr\/en\/wp-json\/wp\/v2\/pages\/542\/revisions"}],"predecessor-version":[{"id":3512,"href":"https:\/\/www.ugsovarazdin.hr\/en\/wp-json\/wp\/v2\/pages\/542\/revisions\/3512"}],"wp:attachment":[{"href":"https:\/\/www.ugsovarazdin.hr\/en\/wp-json\/wp\/v2\/media?parent=542"}],"curies":[{"name":"wp","href":"https:\/\/api.w.org\/{rel}","templated":true}]}}