{"id":541,"date":"2025-01-16T12:54:31","date_gmt":"2025-01-16T12:54:31","guid":{"rendered":"https:\/\/www.ugsovarazdin.hr\/about\/"},"modified":"2025-01-29T13:24:55","modified_gmt":"2025-01-29T12:24:55","slug":"about","status":"publish","type":"page","link":"https:\/\/www.ugsovarazdin.hr\/en\/about\/","title":{"rendered":"About us"},"content":{"rendered":"<div data-elementor-type=\"wp-post\" data-elementor-id=\"541\" class=\"elementor elementor-541\">\n\t\t\t\t<div class=\"elementor-element elementor-element-5f02ddf e-flex e-con-boxed e-con e-parent\" data-id=\"5f02ddf\" data-element_type=\"container\" data-settings=\"{&quot;background_background&quot;:&quot;classic&quot;}\">\n\t\t\t\t\t<div class=\"e-con-inner\">\n\t\t<div class=\"elementor-element elementor-element-0502d81 e-con-full e-flex e-con e-child\" data-id=\"0502d81\" data-element_type=\"container\">\n\t\t\t\t<div class=\"elementor-element elementor-element-03d202b elementor-widget elementor-widget-heading\" data-id=\"03d202b\" data-element_type=\"widget\" data-widget_type=\"heading.default\">\n\t\t\t\t<div class=\"elementor-widget-container\">\n\t\t\t\t\t<h1 class=\"elementor-heading-title elementor-size-default\">Who are we?<\/h1>\t\t\t\t<\/div>\n\t\t\t\t<\/div>\n\t\t\t\t<\/div>\n\t\t\t\t\t<\/div>\n\t\t\t\t<\/div>\n\t\t<div class=\"elementor-element elementor-element-ce23579 e-flex e-con-boxed e-con e-parent\" data-id=\"ce23579\" data-element_type=\"container\">\n\t\t\t\t\t<div class=\"e-con-inner\">\n\t\t<div class=\"elementor-element elementor-element-89a7aec e-con-full e-flex e-con e-child\" data-id=\"89a7aec\" data-element_type=\"container\">\n\t\t\t\t<div class=\"elementor-element elementor-element-a01f0dc elementor-widget elementor-widget-heading\" data-id=\"a01f0dc\" data-element_type=\"widget\" data-widget_type=\"heading.default\">\n\t\t\t\t<div class=\"elementor-widget-container\">\n\t\t\t\t\t<h2 class=\"elementor-heading-title elementor-size-default\">Our mission<\/h2>\t\t\t\t<\/div>\n\t\t\t\t<\/div>\n\t\t\t\t<div class=\"elementor-element elementor-element-c43b3dd elementor-widget-divider--view-line elementor-widget elementor-widget-divider\" data-id=\"c43b3dd\" data-element_type=\"widget\" data-widget_type=\"divider.default\">\n\t\t\t\t<div class=\"elementor-widget-container\">\n\t\t\t\t\t\t\t<div class=\"elementor-divider\">\n\t\t\t<span class=\"elementor-divider-separator\">\n\t\t\t\t\t\t<\/span>\n\t\t<\/div>\n\t\t\t\t\t\t<\/div>\n\t\t\t\t<\/div>\n\t\t\t\t<div class=\"elementor-element elementor-element-e871351 elementor-widget elementor-widget-text-editor\" data-id=\"e871351\" data-element_type=\"widget\" data-widget_type=\"text-editor.default\">\n\t\t\t\t<div class=\"elementor-widget-container\">\n\t\t\t\t\t\t\t\t\t<p><em>Empowering people with deafness and deafblindness to live independent lives through advocacy, education, and community support.<\/em><\/p>\t\t\t\t\t\t\t\t<\/div>\n\t\t\t\t<\/div>\n\t\t\t\t<div class=\"elementor-element elementor-element-0244f25 elementor-widget elementor-widget-text-editor\" data-id=\"0244f25\" data-element_type=\"widget\" data-widget_type=\"text-editor.default\">\n\t\t\t\t<div class=\"elementor-widget-container\">\n\t\t\t\t\t\t\t\t\t<p><em>Our mission is to achieve the full inclusion of deafblind people in society and enable them to function on an equal footing with people without vision or hearing impairments. By promoting awareness and inclusivity, we strive to create a world where obstacles become opportunities.<\/em><\/p>\t\t\t\t\t\t\t\t<\/div>\n\t\t\t\t<\/div>\n\t\t\t\t<\/div>\n\t\t<div class=\"elementor-element elementor-element-e8e4600 e-con-full e-flex e-con e-child\" data-id=\"e8e4600\" data-element_type=\"container\">\n\t\t\t\t<div class=\"elementor-element elementor-element-6060d91 elementor-widget elementor-widget-image\" data-id=\"6060d91\" data-element_type=\"widget\" data-widget_type=\"image.default\">\n\t\t\t\t<div class=\"elementor-widget-container\">\n\t\t\t\t\t\t\t\t\t\t\t\t\t\t\t<img fetchpriority=\"high\" decoding=\"async\" width=\"1640\" height=\"1232\" src=\"https:\/\/www.ugsovarazdin.hr\/wp-content\/uploads\/2025\/01\/volonteri.jpg\" class=\"attachment-full size-full wp-image-1404\" alt=\"\" srcset=\"https:\/\/www.ugsovarazdin.hr\/wp-content\/uploads\/2025\/01\/volonteri.jpg 1640w, https:\/\/www.ugsovarazdin.hr\/wp-content\/uploads\/2025\/01\/volonteri-300x225.jpg 300w, https:\/\/www.ugsovarazdin.hr\/wp-content\/uploads\/2025\/01\/volonteri-1024x769.jpg 1024w, https:\/\/www.ugsovarazdin.hr\/wp-content\/uploads\/2025\/01\/volonteri-768x577.jpg 768w, https:\/\/www.ugsovarazdin.hr\/wp-content\/uploads\/2025\/01\/volonteri-1536x1154.jpg 1536w\" sizes=\"(max-width: 1640px) 100vw, 1640px\" \/>\t\t\t\t\t\t\t\t\t\t\t\t\t\t\t<\/div>\n\t\t\t\t<\/div>\n\t\t\t\t<\/div>\n\t\t\t\t\t<\/div>\n\t\t\t\t<\/div>\n\t\t<div class=\"elementor-element elementor-element-8195a0d e-flex e-con-boxed e-con e-parent\" data-id=\"8195a0d\" data-element_type=\"container\">\n\t\t\t\t\t<div class=\"e-con-inner\">\n\t\t<div class=\"elementor-element elementor-element-c48d12f e-con-full e-flex e-con e-child\" data-id=\"c48d12f\" data-element_type=\"container\">\n\t\t\t\t<div class=\"elementor-element elementor-element-491f841 elementor-widget elementor-widget-heading\" data-id=\"491f841\" data-element_type=\"widget\" data-widget_type=\"heading.default\">\n\t\t\t\t<div class=\"elementor-widget-container\">\n\t\t\t\t\t<h4 class=\"elementor-heading-title elementor-size-default\">Extraordinary experiences<\/h4>\t\t\t\t<\/div>\n\t\t\t\t<\/div>\n\t\t\t\t<div class=\"elementor-element elementor-element-7beb61e elementor-widget-divider--view-line elementor-widget elementor-widget-divider\" data-id=\"7beb61e\" data-element_type=\"widget\" data-widget_type=\"divider.default\">\n\t\t\t\t<div class=\"elementor-widget-container\">\n\t\t\t\t\t\t\t<div class=\"elementor-divider\">\n\t\t\t<span class=\"elementor-divider-separator\">\n\t\t\t\t\t\t<\/span>\n\t\t<\/div>\n\t\t\t\t\t\t<\/div>\n\t\t\t\t<\/div>\n\t\t\t\t<div class=\"elementor-element elementor-element-c5cd51e elementor-widget elementor-widget-text-editor\" data-id=\"c5cd51e\" data-element_type=\"widget\" data-widget_type=\"text-editor.default\">\n\t\t\t\t<div class=\"elementor-widget-container\">\n\t\t\t\t\t\t\t\t\t<p>At our organization, we believe that the beauty of life lies in experiences, both large and small. For people with deafness and deafblindness, these moments take on unique forms.<\/p>\n<p>We create extraordinary experiences through:<\/p>\n<ul>\n<li>Providing customized programs that improve communication and mobility.<\/li>\n<li>Organizing events that connect individuals with similar challenges.<\/li>\n<li>Offering customized workshops to develop skills and boost self-confidence.<\/li>\n<\/ul>\n<p>Together we redefine what is possible and celebrate every goal achieved along the way.<\/p>\t\t\t\t\t\t\t\t<\/div>\n\t\t\t\t<\/div>\n\t\t\t\t<\/div>\n\t\t<div class=\"elementor-element elementor-element-d47d4cd e-con-full e-flex e-con e-child\" data-id=\"d47d4cd\" data-element_type=\"container\">\n\t\t\t\t<div class=\"elementor-element elementor-element-bf795e2 elementor-widget elementor-widget-heading\" data-id=\"bf795e2\" data-element_type=\"widget\" data-widget_type=\"heading.default\">\n\t\t\t\t<div class=\"elementor-widget-container\">\n\t\t\t\t\t<h4 class=\"elementor-heading-title elementor-size-default\">Our core values<\/h4>\t\t\t\t<\/div>\n\t\t\t\t<\/div>\n\t\t\t\t<div class=\"elementor-element elementor-element-ae16dd8 elementor-widget-divider--view-line elementor-widget elementor-widget-divider\" data-id=\"ae16dd8\" data-element_type=\"widget\" data-widget_type=\"divider.default\">\n\t\t\t\t<div class=\"elementor-widget-container\">\n\t\t\t\t\t\t\t<div class=\"elementor-divider\">\n\t\t\t<span class=\"elementor-divider-separator\">\n\t\t\t\t\t\t<\/span>\n\t\t<\/div>\n\t\t\t\t\t\t<\/div>\n\t\t\t\t<\/div>\n\t\t\t\t<div class=\"elementor-element elementor-element-8c4a333 elementor-widget elementor-widget-text-editor\" data-id=\"8c4a333\" data-element_type=\"widget\" data-widget_type=\"text-editor.default\">\n\t\t\t\t<div class=\"elementor-widget-container\">\n\t\t\t\t\t\t\t\t\t<ol><li><strong>Inclusiveness:<\/strong> Accepting diversity and ensuring equal opportunities for all.<\/li><li><strong style=\"font-style: inherit; text-align: var(--text-align); background-color: var(--ast-global-color-4); color: var(--ast-global-color-3);\">Empowerment:<\/strong><span style=\"font-style: inherit; font-weight: inherit; text-align: var(--text-align); background-color: var(--ast-global-color-4); color: var(--ast-global-color-3);\"> Encouraging independence and self-advocacy of people with deafness and blindness.<\/span><\/li><li><strong style=\"font-style: inherit; text-align: var(--text-align); background-color: var(--ast-global-color-4); color: var(--ast-global-color-3);\">Cooperation:<\/strong><span style=\"font-style: inherit; font-weight: inherit; text-align: var(--text-align); background-color: var(--ast-global-color-4); color: var(--ast-global-color-3);\"> Collaborating with families, professionals, and communities to build a complete support network<\/span><\/li><li><strong style=\"font-style: inherit; text-align: var(--text-align); background-color: var(--ast-global-color-4); color: var(--ast-global-color-3);\">Innovation:<\/strong><span style=\"font-style: inherit; font-weight: inherit; text-align: var(--text-align); background-color: var(--ast-global-color-4); color: var(--ast-global-color-3);\"> Using technology and creative solutions to address unique needs<\/span><\/li><li><strong style=\"font-style: inherit; text-align: var(--text-align); background-color: var(--ast-global-color-4); color: var(--ast-global-color-3);\">Compassion:<\/strong><span style=\"font-style: inherit; font-weight: inherit; text-align: var(--text-align); background-color: var(--ast-global-color-4); color: var(--ast-global-color-3);\"> Working with kindness, empathy and understanding.<\/span><\/li><li><strong style=\"font-style: inherit; text-align: var(--text-align); background-color: var(--ast-global-color-4); color: var(--ast-global-color-3);\">Human rights:<\/strong><span style=\"font-style: inherit; font-weight: inherit; text-align: var(--text-align); background-color: var(--ast-global-color-4); color: var(--ast-global-color-3);\"> Promotion and protection of the human rights of deafblind people.<\/span><\/li><\/ol>\t\t\t\t\t\t\t\t<\/div>\n\t\t\t\t<\/div>\n\t\t\t\t<\/div>\n\t\t\t\t\t<\/div>\n\t\t\t\t<\/div>\n\t\t<div class=\"elementor-element elementor-element-1b281b1 e-flex e-con-boxed e-con e-parent\" data-id=\"1b281b1\" data-element_type=\"container\">\n\t\t\t\t\t<div class=\"e-con-inner\">\n\t\t<div class=\"elementor-element elementor-element-cc0c84a e-con-full e-flex e-con e-child\" data-id=\"cc0c84a\" data-element_type=\"container\">\n\t\t\t\t<div class=\"elementor-element elementor-element-3292b7c elementor-widget elementor-widget-heading\" data-id=\"3292b7c\" data-element_type=\"widget\" data-widget_type=\"heading.default\">\n\t\t\t\t<div class=\"elementor-widget-container\">\n\t\t\t\t\t<h2 class=\"elementor-heading-title elementor-size-default\">A small team with big dreams<\/h2>\t\t\t\t<\/div>\n\t\t\t\t<\/div>\n\t\t\t\t<div class=\"elementor-element elementor-element-13e0e1d elementor-widget-divider--view-line elementor-widget elementor-widget-divider\" data-id=\"13e0e1d\" data-element_type=\"widget\" data-widget_type=\"divider.default\">\n\t\t\t\t<div class=\"elementor-widget-container\">\n\t\t\t\t\t\t\t<div class=\"elementor-divider\">\n\t\t\t<span class=\"elementor-divider-separator\">\n\t\t\t\t\t\t<\/span>\n\t\t<\/div>\n\t\t\t\t\t\t<\/div>\n\t\t\t\t<\/div>\n\t\t\t\t<div class=\"elementor-element elementor-element-f6c5dfa elementor-widget elementor-widget-text-editor\" data-id=\"f6c5dfa\" data-element_type=\"widget\" data-widget_type=\"text-editor.default\">\n\t\t\t\t<div class=\"elementor-widget-container\">\n\t\t\t\t\t\t\t\t\t<p>We operate in the areas of Vara\u017edin, Me\u0111imurje and Koprivnica-Kri\u017eevci counties.<span style=\"font-style: inherit; font-weight: inherit; text-align: var(--text-align); background-color: var(--ast-global-color-4); color: var(--ast-global-color-3);\">we swarm:&nbsp;<\/span><\/p>\n<ul>\n<li>24 users<\/li>\n<li>6 translators&nbsp;<\/li>\n<li>9 volunteers<\/li>\n<li>10 years of work<\/li>\n<\/ul>\n<div>Join us and become part of the change!<\/div>\t\t\t\t\t\t\t\t<\/div>\n\t\t\t\t<\/div>\n\t\t\t\t<\/div>\n\t\t<div class=\"elementor-element elementor-element-5cfc357 e-con-full e-flex e-con e-child\" data-id=\"5cfc357\" data-element_type=\"container\">\n\t\t\t\t<div class=\"elementor-element elementor-element-a431ec1 elementor-widget elementor-widget-image\" data-id=\"a431ec1\" data-element_type=\"widget\" data-widget_type=\"image.default\">\n\t\t\t\t<div class=\"elementor-widget-container\">\n\t\t\t\t\t\t\t\t\t\t\t\t\t\t\t<img decoding=\"async\" width=\"768\" height=\"1024\" src=\"https:\/\/www.ugsovarazdin.hr\/wp-content\/uploads\/2025\/01\/IMG-20240602-WA0063-1-768x1024.jpg\" class=\"attachment-large size-large wp-image-2006\" alt=\"\" srcset=\"https:\/\/www.ugsovarazdin.hr\/wp-content\/uploads\/2025\/01\/IMG-20240602-WA0063-1-768x1024.jpg 768w, https:\/\/www.ugsovarazdin.hr\/wp-content\/uploads\/2025\/01\/IMG-20240602-WA0063-1-225x300.jpg 225w, https:\/\/www.ugsovarazdin.hr\/wp-content\/uploads\/2025\/01\/IMG-20240602-WA0063-1-1152x1536.jpg 1152w, https:\/\/www.ugsovarazdin.hr\/wp-content\/uploads\/2025\/01\/IMG-20240602-WA0063-1.jpg 1200w\" sizes=\"(max-width: 768px) 100vw, 768px\" \/>\t\t\t\t\t\t\t\t\t\t\t\t\t\t\t<\/div>\n\t\t\t\t<\/div>\n\t\t\t\t<div class=\"elementor-element elementor-element-97a83ad elementor-widget elementor-widget-image\" data-id=\"97a83ad\" data-element_type=\"widget\" data-widget_type=\"image.default\">\n\t\t\t\t<div class=\"elementor-widget-container\">\n\t\t\t\t\t\t\t\t\t\t\t\t\t\t\t<img decoding=\"async\" width=\"1600\" height=\"1200\" src=\"https:\/\/www.ugsovarazdin.hr\/wp-content\/uploads\/2025\/01\/IMG-20241120-WA0220.jpg\" class=\"attachment-full size-full wp-image-2008\" alt=\"\" srcset=\"https:\/\/www.ugsovarazdin.hr\/wp-content\/uploads\/2025\/01\/IMG-20241120-WA0220.jpg 1600w, https:\/\/www.ugsovarazdin.hr\/wp-content\/uploads\/2025\/01\/IMG-20241120-WA0220-300x225.jpg 300w, https:\/\/www.ugsovarazdin.hr\/wp-content\/uploads\/2025\/01\/IMG-20241120-WA0220-1024x768.jpg 1024w, https:\/\/www.ugsovarazdin.hr\/wp-content\/uploads\/2025\/01\/IMG-20241120-WA0220-768x576.jpg 768w, https:\/\/www.ugsovarazdin.hr\/wp-content\/uploads\/2025\/01\/IMG-20241120-WA0220-1536x1152.jpg 1536w\" sizes=\"(max-width: 1600px) 100vw, 1600px\" \/>\t\t\t\t\t\t\t\t\t\t\t\t\t\t\t<\/div>\n\t\t\t\t<\/div>\n\t\t\t\t<\/div>\n\t\t<div class=\"elementor-element elementor-element-6b930eb e-con-full e-flex e-con e-child\" data-id=\"6b930eb\" data-element_type=\"container\">\n\t\t\t\t<div class=\"elementor-element elementor-element-22a6efb elementor-widget elementor-widget-image\" data-id=\"22a6efb\" data-element_type=\"widget\" data-widget_type=\"image.default\">\n\t\t\t\t<div class=\"elementor-widget-container\">\n\t\t\t\t\t\t\t\t\t\t\t\t\t\t\t<img loading=\"lazy\" decoding=\"async\" width=\"768\" height=\"1024\" src=\"https:\/\/www.ugsovarazdin.hr\/wp-content\/uploads\/2025\/01\/IMG-20241217-WA0028-768x1024.jpg\" class=\"attachment-medium_large size-medium_large wp-image-2007\" alt=\"\" srcset=\"https:\/\/www.ugsovarazdin.hr\/wp-content\/uploads\/2025\/01\/IMG-20241217-WA0028-768x1024.jpg 768w, https:\/\/www.ugsovarazdin.hr\/wp-content\/uploads\/2025\/01\/IMG-20241217-WA0028-225x300.jpg 225w, https:\/\/www.ugsovarazdin.hr\/wp-content\/uploads\/2025\/01\/IMG-20241217-WA0028-1152x1536.jpg 1152w, https:\/\/www.ugsovarazdin.hr\/wp-content\/uploads\/2025\/01\/IMG-20241217-WA0028.jpg 1200w\" sizes=\"(max-width: 768px) 100vw, 768px\" \/>\t\t\t\t\t\t\t\t\t\t\t\t\t\t\t<\/div>\n\t\t\t\t<\/div>\n\t\t\t\t<div class=\"elementor-element elementor-element-b650dbf elementor-widget elementor-widget-image\" data-id=\"b650dbf\" data-element_type=\"widget\" data-widget_type=\"image.default\">\n\t\t\t\t<div class=\"elementor-widget-container\">\n\t\t\t\t\t\t\t\t\t\t\t\t\t\t\t<img loading=\"lazy\" decoding=\"async\" width=\"1024\" height=\"768\" src=\"https:\/\/www.ugsovarazdin.hr\/wp-content\/uploads\/2025\/01\/izleti-3-1024x768.jpg\" class=\"attachment-large size-large wp-image-1396\" alt=\"\" srcset=\"https:\/\/www.ugsovarazdin.hr\/wp-content\/uploads\/2025\/01\/izleti-3-1024x768.jpg 1024w, https:\/\/www.ugsovarazdin.hr\/wp-content\/uploads\/2025\/01\/izleti-3-300x225.jpg 300w, https:\/\/www.ugsovarazdin.hr\/wp-content\/uploads\/2025\/01\/izleti-3-768x576.jpg 768w, https:\/\/www.ugsovarazdin.hr\/wp-content\/uploads\/2025\/01\/izleti-3-1536x1152.jpg 1536w, https:\/\/www.ugsovarazdin.hr\/wp-content\/uploads\/2025\/01\/izleti-3.jpg 2048w\" sizes=\"(max-width: 1024px) 100vw, 1024px\" \/>\t\t\t\t\t\t\t\t\t\t\t\t\t\t\t<\/div>\n\t\t\t\t<\/div>\n\t\t\t\t<\/div>\n\t\t\t\t\t<\/div>\n\t\t\t\t<\/div>\n\t\t\t\t<\/div>","protected":false},"excerpt":{"rendered":"<p>Tko smo mi? Na\u0161a misija Osna\u017eivanje osoba s gluho\u0107om i gluhosljepo\u0107om za \u017eivot ispunjen neovisno\u0161\u0107u kroz zagovaranje, edukaciju i podr\u0161ku zajednice. Na\u0161a misija je ostvariti potpunu uklju\u010denost gluhoslijepih osoba u dru\u0161tvo i omogu\u0107iti im ravnopravno funkcioniranje s osobama bez o\u0161te\u0107enja vida i sluha. Promicanjem svijesti i inkluzivnosti nastojimo stvoriti svijet u kojem prepreke postaju mogu\u0107nosti. [&hellip;]<\/p>","protected":false},"author":1,"featured_media":0,"parent":0,"menu_order":0,"comment_status":"closed","ping_status":"closed","template":"","meta":{"site-sidebar-layout":"no-sidebar","site-content-layout":"page-builder","ast-site-content-layout":"full-width-container","site-content-style":"unboxed","site-sidebar-style":"unboxed","ast-global-header-display":"","ast-banner-title-visibility":"","ast-main-header-display":"","ast-hfb-above-header-display":"","ast-hfb-below-header-display":"","ast-hfb-mobile-header-display":"","site-post-title":"disabled","ast-breadcrumbs-content":"","ast-featured-img":"disabled","footer-sml-layout":"","theme-transparent-header-meta":"enabled","adv-header-id-meta":"","stick-header-meta":"","header-above-stick-meta":"","header-main-stick-meta":"","header-below-stick-meta":"","astra-migrate-meta-layouts":"set","ast-page-background-enabled":"default","ast-page-background-meta":{"desktop":{"background-color":"","background-image":"","background-repeat":"repeat","background-position":"center center","background-size":"auto","background-attachment":"scroll","background-type":"","background-media":"","overlay-type":"","overlay-color":"","overlay-opacity":"","overlay-gradient":""},"tablet":{"background-color":"","background-image":"","background-repeat":"repeat","background-position":"center center","background-size":"auto","background-attachment":"scroll","background-type":"","background-media":"","overlay-type":"","overlay-color":"","overlay-opacity":"","overlay-gradient":""},"mobile":{"background-color":"","background-image":"","background-repeat":"repeat","background-position":"center center","background-size":"auto","background-attachment":"scroll","background-type":"","background-media":"","overlay-type":"","overlay-color":"","overlay-opacity":"","overlay-gradient":""}},"ast-content-background-meta":{"desktop":{"background-color":"var(--ast-global-color-5)","background-image":"","background-repeat":"repeat","background-position":"center center","background-size":"auto","background-attachment":"scroll","background-type":"","background-media":"","overlay-type":"","overlay-color":"","overlay-opacity":"","overlay-gradient":""},"tablet":{"background-color":"var(--ast-global-color-5)","background-image":"","background-repeat":"repeat","background-position":"center center","background-size":"auto","background-attachment":"scroll","background-type":"","background-media":"","overlay-type":"","overlay-color":"","overlay-opacity":"","overlay-gradient":""},"mobile":{"background-color":"var(--ast-global-color-5)","background-image":"","background-repeat":"repeat","background-position":"center center","background-size":"auto","background-attachment":"scroll","background-type":"","background-media":"","overlay-type":"","overlay-color":"","overlay-opacity":"","overlay-gradient":""}},"footnotes":""},"class_list":["post-541","page","type-page","status-publish","hentry"],"_links":{"self":[{"href":"https:\/\/www.ugsovarazdin.hr\/en\/wp-json\/wp\/v2\/pages\/541","targetHints":{"allow":["GET"]}}],"collection":[{"href":"https:\/\/www.ugsovarazdin.hr\/en\/wp-json\/wp\/v2\/pages"}],"about":[{"href":"https:\/\/www.ugsovarazdin.hr\/en\/wp-json\/wp\/v2\/types\/page"}],"author":[{"embeddable":true,"href":"https:\/\/www.ugsovarazdin.hr\/en\/wp-json\/wp\/v2\/users\/1"}],"replies":[{"embeddable":true,"href":"https:\/\/www.ugsovarazdin.hr\/en\/wp-json\/wp\/v2\/comments?post=541"}],"version-history":[{"count":46,"href":"https:\/\/www.ugsovarazdin.hr\/en\/wp-json\/wp\/v2\/pages\/541\/revisions"}],"predecessor-version":[{"id":2124,"href":"https:\/\/www.ugsovarazdin.hr\/en\/wp-json\/wp\/v2\/pages\/541\/revisions\/2124"}],"wp:attachment":[{"href":"https:\/\/www.ugsovarazdin.hr\/en\/wp-json\/wp\/v2\/media?parent=541"}],"curies":[{"name":"wp","href":"https:\/\/api.w.org\/{rel}","templated":true}]}}