{"id":1530,"date":"2025-01-27T12:02:14","date_gmt":"2025-01-27T11:02:14","guid":{"rendered":"https:\/\/www.ugsovarazdin.hr\/?page_id=1530"},"modified":"2025-12-20T11:56:06","modified_gmt":"2025-12-20T10:56:06","slug":"donatori","status":"publish","type":"page","link":"https:\/\/www.ugsovarazdin.hr\/en\/donatori\/","title":{"rendered":"Donors"},"content":{"rendered":"<div data-elementor-type=\"wp-post\" data-elementor-id=\"1530\" class=\"elementor elementor-1530\">\n\t\t\t\t<div class=\"elementor-element elementor-element-36e4911 e-flex e-con-boxed e-con e-parent\" data-id=\"36e4911\" data-element_type=\"container\" data-settings=\"{&quot;background_background&quot;:&quot;classic&quot;}\">\n\t\t\t\t\t<div class=\"e-con-inner\">\n\t\t<div class=\"elementor-element elementor-element-8d332cf e-flex e-con-boxed e-con e-child\" data-id=\"8d332cf\" data-element_type=\"container\">\n\t\t\t\t\t<div class=\"e-con-inner\">\n\t\t\t\t<div class=\"elementor-element elementor-element-4bf79de elementor-widget__width-initial elementor-widget elementor-widget-heading\" data-id=\"4bf79de\" data-element_type=\"widget\" data-widget_type=\"heading.default\">\n\t\t\t\t<div class=\"elementor-widget-container\">\n\t\t\t\t\t<h3 class=\"elementor-heading-title elementor-size-default\">&quot;A donation is not just an act of help, it is a bridge between people, a sign that caring for others makes society stronger and more humane.&quot;<\/h3>\t\t\t\t<\/div>\n\t\t\t\t<\/div>\n\t\t\t\t\t<\/div>\n\t\t\t\t<\/div>\n\t\t\t\t\t<\/div>\n\t\t\t\t<\/div>\n\t\t<div class=\"elementor-element elementor-element-9a5aaf0 e-flex e-con-boxed e-con e-parent\" data-id=\"9a5aaf0\" data-element_type=\"container\">\n\t\t\t\t\t<div class=\"e-con-inner\">\n\t\t<div class=\"elementor-element elementor-element-569c809 e-con-full e-flex e-con e-child\" data-id=\"569c809\" data-element_type=\"container\">\n\t\t<div class=\"elementor-element elementor-element-6c30633 e-con-full e-flex e-con e-child\" data-id=\"6c30633\" data-element_type=\"container\">\n\t\t\t\t<div class=\"elementor-element elementor-element-191ac7a elementor-widget-divider--view-line_text elementor-widget-divider--element-align-left elementor-widget elementor-widget-divider\" data-id=\"191ac7a\" data-element_type=\"widget\" data-widget_type=\"divider.default\">\n\t\t\t\t<div class=\"elementor-widget-container\">\n\t\t\t\t\t\t\t<div class=\"elementor-divider\">\n\t\t\t<span class=\"elementor-divider-separator\">\n\t\t\t\t\t\t<\/span>\n\t\t<\/div>\n\t\t\t\t\t\t<\/div>\n\t\t\t\t<\/div>\n\t\t\t\t<div class=\"elementor-element elementor-element-7581a60 elementor-widget elementor-widget-image-box\" data-id=\"7581a60\" data-element_type=\"widget\" data-widget_type=\"image-box.default\">\n\t\t\t\t<div class=\"elementor-widget-container\">\n\t\t\t\t\t<div class=\"elementor-image-box-wrapper\"><div class=\"elementor-image-box-content\"><h2 class=\"elementor-image-box-title\">2025.<\/h2><p class=\"elementor-image-box-description\"><b>M<\/b><span style=\"font-weight: 700;\">AGIC NET doo<\/span><br><b>COLAS d.o.o.\n<\/b>\n<br><b>Pharmacy Brzak\n<\/b> <br><b>Siga Ltd.\n<\/b><br><b>Restoran Fonatana Crnkovi\u0107\n<\/b> <br><b>Vindija dd\n<\/b> <br><b>Vara\u017edin County\n<\/b> <br><b>Grad Vara\u017edin\n<\/b> <br><b>Hotel Turist\n<\/b> <br><b>Bomark Pak d.o.o.\n<\/b> <br><b>Oprema Micro Matic d.o.o.\n<\/b> <br><b>Termoplin d.d.<\/b>\n<\/b> <br><b>Kreda d.o.o.<\/b>\n<\/b> <br><b>Peling d.o.o.<\/b>\n<\/b> <br><b>Javni bilje\u017enik Tamara Horvat<\/b>\n<\/b> <br><b>KB doo<\/b>\n<\/b> <br><b>Lim-mont doo<\/b>\n<\/b> <br><b>AQUILA VISUM d.o.o.<\/b><\/p><\/div><\/div>\t\t\t\t<\/div>\n\t\t\t\t<\/div>\n\t\t\t\t<\/div>\n\t\t\t\t<\/div>\n\t\t<div class=\"elementor-element elementor-element-242119d e-con-full e-flex e-con e-child\" data-id=\"242119d\" data-element_type=\"container\">\n\t\t<div class=\"elementor-element elementor-element-ed32c9e e-con-full e-flex e-con e-child\" data-id=\"ed32c9e\" data-element_type=\"container\">\n\t\t\t\t<div class=\"elementor-element elementor-element-be709ff elementor-widget-divider--view-line_text elementor-widget-divider--element-align-left elementor-widget elementor-widget-divider\" data-id=\"be709ff\" data-element_type=\"widget\" data-widget_type=\"divider.default\">\n\t\t\t\t<div class=\"elementor-widget-container\">\n\t\t\t\t\t\t\t<div class=\"elementor-divider\">\n\t\t\t<span class=\"elementor-divider-separator\">\n\t\t\t\t\t\t<\/span>\n\t\t<\/div>\n\t\t\t\t\t\t<\/div>\n\t\t\t\t<\/div>\n\t\t\t\t<div class=\"elementor-element elementor-element-580469d elementor-widget elementor-widget-image-box\" data-id=\"580469d\" data-element_type=\"widget\" data-widget_type=\"image-box.default\">\n\t\t\t\t<div class=\"elementor-widget-container\">\n\t\t\t\t\t<div class=\"elementor-image-box-wrapper\"><div class=\"elementor-image-box-content\"><h2 class=\"elementor-image-box-title\">2024.<\/h2><p class=\"elementor-image-box-description\"><span style=\"font-weight: 700;\">KB doo<br>Pharmacy Brzak<br>Restaurant Fontana Crnkovi\u0107<br>Lim-mont doo<br>Siga Ltd.<br>ALPHA-M doo<br>Aquila visa doo<br>Rotary Club Vara\u017edin 1181<br>Ice doo<br>Pletex International, fencing systems doo<\/span><\/p><\/div><\/div>\t\t\t\t<\/div>\n\t\t\t\t<\/div>\n\t\t\t\t<\/div>\n\t\t\t\t<\/div>\n\t\t<div class=\"elementor-element elementor-element-ae9b41b e-con-full e-flex e-con e-child\" data-id=\"ae9b41b\" data-element_type=\"container\">\n\t\t\t\t<\/div>\n\t\t<div class=\"elementor-element elementor-element-3162c37 e-con-full e-flex e-con e-child\" data-id=\"3162c37\" data-element_type=\"container\">\n\t\t<div class=\"elementor-element elementor-element-9c595db e-con-full e-flex e-con e-child\" data-id=\"9c595db\" data-element_type=\"container\">\n\t\t\t\t<div class=\"elementor-element elementor-element-fcb8d5f elementor-widget-divider--view-line_text elementor-widget-divider--element-align-left elementor-widget elementor-widget-divider\" data-id=\"fcb8d5f\" data-element_type=\"widget\" data-widget_type=\"divider.default\">\n\t\t\t\t<div class=\"elementor-widget-container\">\n\t\t\t\t\t\t\t<div class=\"elementor-divider\">\n\t\t\t<span class=\"elementor-divider-separator\">\n\t\t\t\t\t\t<\/span>\n\t\t<\/div>\n\t\t\t\t\t\t<\/div>\n\t\t\t\t<\/div>\n\t\t\t\t<div class=\"elementor-element elementor-element-5546426 elementor-widget elementor-widget-image-box\" data-id=\"5546426\" data-element_type=\"widget\" data-widget_type=\"image-box.default\">\n\t\t\t\t<div class=\"elementor-widget-container\">\n\t\t\t\t\t<div class=\"elementor-image-box-wrapper\"><div class=\"elementor-image-box-content\"><h2 class=\"elementor-image-box-title\">2023.<\/h2><p class=\"elementor-image-box-description\"><span style=\"font-weight: 700;\">Vindija dd<br>Pharmacy Brzak<br>Restaurant Fontana Crnkovi\u0107<br>Siga Ltd.<br>ALPHA-M doo<br>Knauf doo<br>Bakery Day and Night Vara\u017edin<\/span><\/p><\/div><\/div>\t\t\t\t<\/div>\n\t\t\t\t<\/div>\n\t\t\t\t<\/div>\n\t\t\t\t<\/div>\n\t\t<div class=\"elementor-element elementor-element-3cf6654 e-con-full e-flex e-con e-child\" data-id=\"3cf6654\" data-element_type=\"container\">\n\t\t<div class=\"elementor-element elementor-element-753cb0a e-con-full e-flex e-con e-child\" data-id=\"753cb0a\" data-element_type=\"container\">\n\t\t\t\t<div class=\"elementor-element elementor-element-70c8fae elementor-widget-divider--view-line_text elementor-widget-divider--element-align-left elementor-widget elementor-widget-divider\" data-id=\"70c8fae\" data-element_type=\"widget\" data-widget_type=\"divider.default\">\n\t\t\t\t<div class=\"elementor-widget-container\">\n\t\t\t\t\t\t\t<div class=\"elementor-divider\">\n\t\t\t<span class=\"elementor-divider-separator\">\n\t\t\t\t\t\t<\/span>\n\t\t<\/div>\n\t\t\t\t\t\t<\/div>\n\t\t\t\t<\/div>\n\t\t\t\t<div class=\"elementor-element elementor-element-0397940 elementor-widget elementor-widget-image-box\" data-id=\"0397940\" data-element_type=\"widget\" data-widget_type=\"image-box.default\">\n\t\t\t\t<div class=\"elementor-widget-container\">\n\t\t\t\t\t<div class=\"elementor-image-box-wrapper\"><div class=\"elementor-image-box-content\"><h2 class=\"elementor-image-box-title\">2022.<\/h2><p class=\"elementor-image-box-description\"><b>Lim-mont doo<\/b><br><b>KB doo<\/b><b><br>Restaurant Fontana Crnkovi\u0107<\/b><br><b>Decathlon doo<br>Pletex International, fencing systems doo<\/b><\/p><\/div><\/div>\t\t\t\t<\/div>\n\t\t\t\t<\/div>\n\t\t\t\t<\/div>\n\t\t\t\t<\/div>\n\t\t<div class=\"elementor-element elementor-element-b316e77 e-con-full e-flex e-con e-child\" data-id=\"b316e77\" data-element_type=\"container\">\n\t\t<div class=\"elementor-element elementor-element-9555f1c e-con-full e-flex e-con e-child\" data-id=\"9555f1c\" data-element_type=\"container\">\n\t\t\t\t<div class=\"elementor-element elementor-element-597ee17 elementor-widget-divider--view-line_text elementor-widget-divider--element-align-left elementor-widget elementor-widget-divider\" data-id=\"597ee17\" data-element_type=\"widget\" data-widget_type=\"divider.default\">\n\t\t\t\t<div class=\"elementor-widget-container\">\n\t\t\t\t\t\t\t<div class=\"elementor-divider\">\n\t\t\t<span class=\"elementor-divider-separator\">\n\t\t\t\t\t\t<\/span>\n\t\t<\/div>\n\t\t\t\t\t\t<\/div>\n\t\t\t\t<\/div>\n\t\t\t\t<div class=\"elementor-element elementor-element-569cb93 elementor-widget elementor-widget-image-box\" data-id=\"569cb93\" data-element_type=\"widget\" data-widget_type=\"image-box.default\">\n\t\t\t\t<div class=\"elementor-widget-container\">\n\t\t\t\t\t<div class=\"elementor-image-box-wrapper\"><div class=\"elementor-image-box-content\"><h2 class=\"elementor-image-box-title\">2021.<\/h2><p class=\"elementor-image-box-description\"><span style=\"font-weight: 700;\">Lim-mont doo<\/span><br><span style=\"font-weight: 700;\">ALPHA-M doo<\/span><span style=\"font-weight: 700;\"><br>Pharmacy Brzak<br>Universal Ltd.<\/span><\/p><\/div><\/div>\t\t\t\t<\/div>\n\t\t\t\t<\/div>\n\t\t\t\t<\/div>\n\t\t\t\t<\/div>\n\t\t<div class=\"elementor-element elementor-element-142f886 e-con-full e-flex e-con e-child\" data-id=\"142f886\" data-element_type=\"container\">\n\t\t<div class=\"elementor-element elementor-element-8203437 e-con-full e-flex e-con e-child\" data-id=\"8203437\" data-element_type=\"container\">\n\t\t\t\t<div class=\"elementor-element elementor-element-cf5d577 elementor-widget-divider--view-line_text elementor-widget-divider--element-align-left elementor-widget elementor-widget-divider\" data-id=\"cf5d577\" data-element_type=\"widget\" data-widget_type=\"divider.default\">\n\t\t\t\t<div class=\"elementor-widget-container\">\n\t\t\t\t\t\t\t<div class=\"elementor-divider\">\n\t\t\t<span class=\"elementor-divider-separator\">\n\t\t\t\t\t\t<\/span>\n\t\t<\/div>\n\t\t\t\t\t\t<\/div>\n\t\t\t\t<\/div>\n\t\t\t\t<div class=\"elementor-element elementor-element-502e0e3 elementor-widget elementor-widget-image-box\" data-id=\"502e0e3\" data-element_type=\"widget\" data-widget_type=\"image-box.default\">\n\t\t\t\t<div class=\"elementor-widget-container\">\n\t\t\t\t\t<div class=\"elementor-image-box-wrapper\"><div class=\"elementor-image-box-content\"><h2 class=\"elementor-image-box-title\">2019.<\/h2><p class=\"elementor-image-box-description\"><span style=\"font-weight: 700;\">Lim-mont doo<\/span><br><span style=\"font-weight: 700;\">Vindija dd<\/span><br><span style=\"font-weight: 700;\">Plitvice Lakes National Park<\/span><br><span style=\"font-weight: 700;\">Sava insurance<\/span><br><span style=\"font-weight: 700;\">Carpentry and sawmill Ratkovi\u0107<\/span><br><span style=\"font-weight: 700;\">ALPHA-M doo<\/span><span style=\"font-weight: 700;\"><br>Pharmacy Brzak<\/span><\/p><\/div><\/div>\t\t\t\t<\/div>\n\t\t\t\t<\/div>\n\t\t\t\t<\/div>\n\t\t\t\t<\/div>\n\t\t<div class=\"elementor-element elementor-element-93bfea8 e-con-full e-flex e-con e-child\" data-id=\"93bfea8\" data-element_type=\"container\">\n\t\t<div class=\"elementor-element elementor-element-af82016 e-con-full e-flex e-con e-child\" data-id=\"af82016\" data-element_type=\"container\">\n\t\t\t\t<div class=\"elementor-element elementor-element-895dded elementor-widget-divider--view-line_text elementor-widget-divider--element-align-left elementor-widget elementor-widget-divider\" data-id=\"895dded\" data-element_type=\"widget\" data-widget_type=\"divider.default\">\n\t\t\t\t<div class=\"elementor-widget-container\">\n\t\t\t\t\t\t\t<div class=\"elementor-divider\">\n\t\t\t<span class=\"elementor-divider-separator\">\n\t\t\t\t\t\t<\/span>\n\t\t<\/div>\n\t\t\t\t\t\t<\/div>\n\t\t\t\t<\/div>\n\t\t\t\t<div class=\"elementor-element elementor-element-dbc3a7f elementor-widget elementor-widget-image-box\" data-id=\"dbc3a7f\" data-element_type=\"widget\" data-widget_type=\"image-box.default\">\n\t\t\t\t<div class=\"elementor-widget-container\">\n\t\t\t\t\t<div class=\"elementor-image-box-wrapper\"><div class=\"elementor-image-box-content\"><h2 class=\"elementor-image-box-title\">2018.<\/h2><p class=\"elementor-image-box-description\"><b>Lim-mont doo<\/b><br><b>Vindija dd<\/b><br><b>Krapina Neanderthal Museum<\/b><br><b>Vara\u017edin Vocational High School<\/b><br><b>ALPHA-M doo<\/b><br><b>SIGA doo<\/b><br><b>Pharmacy Brzak<\/b><\/p><\/div><\/div>\t\t\t\t<\/div>\n\t\t\t\t<\/div>\n\t\t\t\t<\/div>\n\t\t\t\t<\/div>\n\t\t<div class=\"elementor-element elementor-element-c9e040b e-con-full e-flex e-con e-child\" data-id=\"c9e040b\" data-element_type=\"container\">\n\t\t<div class=\"elementor-element elementor-element-3f269ea e-con-full e-flex e-con e-child\" data-id=\"3f269ea\" data-element_type=\"container\">\n\t\t\t\t<div class=\"elementor-element elementor-element-718995f elementor-widget-divider--view-line_text elementor-widget-divider--element-align-left elementor-widget elementor-widget-divider\" data-id=\"718995f\" data-element_type=\"widget\" data-widget_type=\"divider.default\">\n\t\t\t\t<div class=\"elementor-widget-container\">\n\t\t\t\t\t\t\t<div class=\"elementor-divider\">\n\t\t\t<span class=\"elementor-divider-separator\">\n\t\t\t\t\t\t<\/span>\n\t\t<\/div>\n\t\t\t\t\t\t<\/div>\n\t\t\t\t<\/div>\n\t\t\t\t<div class=\"elementor-element elementor-element-d9f2992 elementor-widget elementor-widget-image-box\" data-id=\"d9f2992\" data-element_type=\"widget\" data-widget_type=\"image-box.default\">\n\t\t\t\t<div class=\"elementor-widget-container\">\n\t\t\t\t\t<div class=\"elementor-image-box-wrapper\"><div class=\"elementor-image-box-content\"><h2 class=\"elementor-image-box-title\">2017.<\/h2><p class=\"elementor-image-box-description\"><span style=\"font-weight: 700;\">Lim-mont doo<\/span><br><span style=\"font-weight: 700;\">Vindija dd<\/span><br><span style=\"font-weight: 700;\">Golden Grain Ltd.<\/span><br><span style=\"font-weight: 700;\">Croatian Sports Association of the Deaf<\/span><br><span style=\"font-weight: 700;\">Kaufland<\/span><br><span style=\"font-weight: 700;\">Vara\u017edin Student Center<\/span><br><span style=\"font-weight: 700;\">Carpentry and sawmill Ratkovi\u0107<\/span><br><span style=\"font-weight: 700;\">Vara\u017edin County<\/span><br><span style=\"font-weight: 700;\">MIV dd<\/span><br><span style=\"font-weight: 700;\">Parks Inc.<\/span><br><span style=\"font-weight: 700;\">Copy center Manuela doo<\/span><br><span style=\"font-weight: 700;\">Croatian National Theatre Vara\u017edin<\/span><br><span style=\"font-weight: 700;\">Community of Sports Associations of the City of Vara\u017edin<\/span><br><span style=\"font-weight: 700;\">Eurotrade doo<\/span><br><span style=\"font-weight: 700;\">ALPHA-M doo<\/span><\/p><\/div><\/div>\t\t\t\t<\/div>\n\t\t\t\t<\/div>\n\t\t\t\t<\/div>\n\t\t\t\t<\/div>\n\t\t\t\t\t<\/div>\n\t\t\t\t<\/div>\n\t\t\t\t<\/div>","protected":false},"excerpt":{"rendered":"<p>&#8220;Donacija nije samo \u010din pomo\u0107i, ona je most izme\u0111u ljudi, znak da briga o drugima \u010dini dru\u0161tvo ja\u010dim i humanijim.&#8221; 2025. MAGIC NET d.o.o.COLAS d.o.o. Ljekarna Brzak Siga d.o.o. Restoran Fonatana Crnkovi\u0107 Vindija d.d. Vara\u017edinska \u017eupanija Grad Vara\u017edin Hotel Turist Bomark Pak d.o.o. Oprema Micro Matic d.o.o. Termoplin d.d. Kreda d.o.o. Peling d.o.o. Javni bilje\u017enik [&hellip;]<\/p>","protected":false},"author":1,"featured_media":0,"parent":0,"menu_order":0,"comment_status":"closed","ping_status":"closed","template":"","meta":{"site-sidebar-layout":"no-sidebar","site-content-layout":"page-builder","ast-site-content-layout":"full-width-container","site-content-style":"unboxed","site-sidebar-style":"unboxed","ast-global-header-display":"","ast-banner-title-visibility":"","ast-main-header-display":"","ast-hfb-above-header-display":"","ast-hfb-below-header-display":"","ast-hfb-mobile-header-display":"","site-post-title":"disabled","ast-breadcrumbs-content":"","ast-featured-img":"disabled","footer-sml-layout":"","theme-transparent-header-meta":"enabled","adv-header-id-meta":"","stick-header-meta":"","header-above-stick-meta":"","header-main-stick-meta":"","header-below-stick-meta":"","astra-migrate-meta-layouts":"set","ast-page-background-enabled":"default","ast-page-background-meta":{"desktop":{"background-color":"","background-image":"","background-repeat":"repeat","background-position":"center center","background-size":"auto","background-attachment":"scroll","background-type":"","background-media":"","overlay-type":"","overlay-color":"","overlay-opacity":"","overlay-gradient":""},"tablet":{"background-color":"","background-image":"","background-repeat":"repeat","background-position":"center center","background-size":"auto","background-attachment":"scroll","background-type":"","background-media":"","overlay-type":"","overlay-color":"","overlay-opacity":"","overlay-gradient":""},"mobile":{"background-color":"","background-image":"","background-repeat":"repeat","background-position":"center center","background-size":"auto","background-attachment":"scroll","background-type":"","background-media":"","overlay-type":"","overlay-color":"","overlay-opacity":"","overlay-gradient":""}},"ast-content-background-meta":{"desktop":{"background-color":"var(--ast-global-color-5)","background-image":"","background-repeat":"repeat","background-position":"center center","background-size":"auto","background-attachment":"scroll","background-type":"","background-media":"","overlay-type":"","overlay-color":"","overlay-opacity":"","overlay-gradient":""},"tablet":{"background-color":"var(--ast-global-color-5)","background-image":"","background-repeat":"repeat","background-position":"center center","background-size":"auto","background-attachment":"scroll","background-type":"","background-media":"","overlay-type":"","overlay-color":"","overlay-opacity":"","overlay-gradient":""},"mobile":{"background-color":"var(--ast-global-color-5)","background-image":"","background-repeat":"repeat","background-position":"center center","background-size":"auto","background-attachment":"scroll","background-type":"","background-media":"","overlay-type":"","overlay-color":"","overlay-opacity":"","overlay-gradient":""}},"footnotes":""},"class_list":["post-1530","page","type-page","status-publish","hentry"],"_links":{"self":[{"href":"https:\/\/www.ugsovarazdin.hr\/en\/wp-json\/wp\/v2\/pages\/1530","targetHints":{"allow":["GET"]}}],"collection":[{"href":"https:\/\/www.ugsovarazdin.hr\/en\/wp-json\/wp\/v2\/pages"}],"about":[{"href":"https:\/\/www.ugsovarazdin.hr\/en\/wp-json\/wp\/v2\/types\/page"}],"author":[{"embeddable":true,"href":"https:\/\/www.ugsovarazdin.hr\/en\/wp-json\/wp\/v2\/users\/1"}],"replies":[{"embeddable":true,"href":"https:\/\/www.ugsovarazdin.hr\/en\/wp-json\/wp\/v2\/comments?post=1530"}],"version-history":[{"count":97,"href":"https:\/\/www.ugsovarazdin.hr\/en\/wp-json\/wp\/v2\/pages\/1530\/revisions"}],"predecessor-version":[{"id":3857,"href":"https:\/\/www.ugsovarazdin.hr\/en\/wp-json\/wp\/v2\/pages\/1530\/revisions\/3857"}],"wp:attachment":[{"href":"https:\/\/www.ugsovarazdin.hr\/en\/wp-json\/wp\/v2\/media?parent=1530"}],"curies":[{"name":"wp","href":"https:\/\/api.w.org\/{rel}","templated":true}]}}